{"id":5311,"date":"2023-02-13T11:38:13","date_gmt":"2023-02-13T11:38:13","guid":{"rendered":"http:\/\/icce.com\/?page_id=5311"},"modified":"2024-12-04T09:31:57","modified_gmt":"2024-12-04T08:31:57","slug":"it-solutions","status":"publish","type":"page","link":"https:\/\/icce.com\/de\/it-solutions\/","title":{"rendered":"IT Solutions"},"content":{"rendered":"<div data-elementor-type=\"wp-page\" data-elementor-id=\"5311\" class=\"elementor elementor-5311\" data-elementor-post-type=\"page\">\n\t\t\t\t\t\t<section class=\"elementor-section elementor-top-section elementor-element elementor-element-6db0f22 ct-section-stretched elementor-section-full_width elementor-section-height-min-height elementor-section-height-default elementor-section-items-middle\" data-id=\"6db0f22\" data-element_type=\"section\" data-e-type=\"section\" data-settings=\"{&quot;background_background&quot;:&quot;classic&quot;}\">\n\t\t\t\t\t\t<div class=\"elementor-container elementor-column-gap-default\">\n\t\t\t\t\t<div class=\"elementor-column elementor-col-100 elementor-top-column elementor-element elementor-element-b5f2084\" data-id=\"b5f2084\" data-element_type=\"column\" data-e-type=\"column\">\n\t\t\t<div class=\"elementor-widget-wrap\">\n\t\t\t\t\t\t\t<\/div>\n\t\t<\/div>\n\t\t\t\t\t<\/div>\n\t\t<\/section>\n\t\t\t\t<section class=\"elementor-section elementor-top-section elementor-element elementor-element-7e234ba elementor-section-content-middle ct-section-stretched elementor-section-boxed elementor-section-height-default elementor-section-height-default\" data-id=\"7e234ba\" data-element_type=\"section\" data-e-type=\"section\" data-settings=\"{&quot;background_background&quot;:&quot;classic&quot;}\">\n\t\t\t\t\t\t<div class=\"elementor-container elementor-column-gap-no\">\n\t\t\t\t\t<div class=\"elementor-column elementor-col-100 elementor-top-column elementor-element elementor-element-43c88884 elementor-invisible\" data-id=\"43c88884\" data-element_type=\"column\" data-e-type=\"column\" data-settings=\"{&quot;background_background&quot;:&quot;classic&quot;,&quot;animation&quot;:&quot;fadeInUp&quot;}\">\n\t\t\t<div class=\"elementor-widget-wrap elementor-element-populated\">\n\t\t\t\t<div class=\"elementor-element elementor-element-53687f50 elementor-hidden-mobile elementor-hidden-tablet e-flex e-con-boxed e-con e-parent\" data-id=\"53687f50\" data-element_type=\"container\" data-e-type=\"container\">\n\t\t\t\t\t<div class=\"e-con-inner\">\n\t\t\t\t<div class=\"elementor-element elementor-element-3fea80bc elementor-button-info elementor-mobile-align-left elementor-widget elementor-widget-button\" data-id=\"3fea80bc\" data-element_type=\"widget\" data-e-type=\"widget\" data-widget_type=\"button.default\">\n\t\t\t\t<div class=\"elementor-widget-container\">\n\t\t\t\t\t\t\t\t\t<div class=\"elementor-button-wrapper\">\n\t\t\t\t\t<a class=\"elementor-button elementor-button-link elementor-size-xs\" href=\"http:\/\/icce.com\/de\/\">\n\t\t\t\t\t\t<span class=\"elementor-button-content-wrapper\">\n\t\t\t\t\t\t\t\t\t<span class=\"elementor-button-text\">ICCE<\/span>\n\t\t\t\t\t<\/span>\n\t\t\t\t\t<\/a>\n\t\t\t\t<\/div>\n\t\t\t\t\t\t\t\t<\/div>\n\t\t\t\t<\/div>\n\t\t\t\t<div class=\"elementor-element elementor-element-25ae57e0 elementor-widget elementor-widget-text-editor\" data-id=\"25ae57e0\" data-element_type=\"widget\" data-e-type=\"widget\" data-widget_type=\"text-editor.default\">\n\t\t\t\t<div class=\"elementor-widget-container\">\n\t\t\t\t\t\t\t\t\t<p>&gt;&gt;<\/p>\t\t\t\t\t\t\t\t<\/div>\n\t\t\t\t<\/div>\n\t\t\t\t<div class=\"elementor-element elementor-element-62684ae8 elementor-button-info elementor-align-left elementor-mobile-align-left elementor-widget elementor-widget-button\" data-id=\"62684ae8\" data-element_type=\"widget\" data-e-type=\"widget\" data-widget_type=\"button.default\">\n\t\t\t\t<div class=\"elementor-widget-container\">\n\t\t\t\t\t\t\t\t\t<div class=\"elementor-button-wrapper\">\n\t\t\t\t\t<a class=\"elementor-button elementor-button-link elementor-size-xs\" href=\"http:\/\/icce.com\/de\/it-solutions\/\">\n\t\t\t\t\t\t<span class=\"elementor-button-content-wrapper\">\n\t\t\t\t\t\t\t\t\t<span class=\"elementor-button-text\">IT solutions<\/span>\n\t\t\t\t\t<\/span>\n\t\t\t\t\t<\/a>\n\t\t\t\t<\/div>\n\t\t\t\t\t\t\t\t<\/div>\n\t\t\t\t<\/div>\n\t\t\t\t\t<\/div>\n\t\t\t\t<\/div>\n\t\t\t\t<div class=\"elementor-element elementor-element-30ee6e81 elementor-widget elementor-widget-heading\" data-id=\"30ee6e81\" data-element_type=\"widget\" data-e-type=\"widget\" data-widget_type=\"heading.default\">\n\t\t\t\t<div class=\"elementor-widget-container\">\n\t\t\t\t\t<p class=\"elementor-heading-title elementor-size-default\">IT SOLUTIONS\n<\/p>\t\t\t\t<\/div>\n\t\t\t\t<\/div>\n\t\t\t\t<div class=\"elementor-element elementor-element-7caf9aa1 elementor-widget-divider--view-line elementor-widget elementor-widget-divider\" data-id=\"7caf9aa1\" data-element_type=\"widget\" data-e-type=\"widget\" data-widget_type=\"divider.default\">\n\t\t\t\t<div class=\"elementor-widget-container\">\n\t\t\t\t\t\t\t<div class=\"elementor-divider\">\n\t\t\t<span class=\"elementor-divider-separator\">\n\t\t\t\t\t\t<\/span>\n\t\t<\/div>\n\t\t\t\t\t\t<\/div>\n\t\t\t\t<\/div>\n\t\t\t\t<div class=\"elementor-element elementor-element-b295948 elementor-widget elementor-widget-text-editor\" data-id=\"b295948\" data-element_type=\"widget\" data-e-type=\"widget\" data-widget_type=\"text-editor.default\">\n\t\t\t\t<div class=\"elementor-widget-container\">\n\t\t\t\t\t\t\t\t\t<p>Heutzutage ist die Datenanalyse ein Schl\u00fcssel f\u00fcr optimale Gesch\u00e4ftsleistung geworden. Wir bieten unseren Partnern ma\u00dfgeschneiderte IT-L\u00f6sungen und Anwendungen f\u00fcr den Datenaustausch zwischen industriellen Prozessen und Gesch\u00e4ftsbereichen (z. B. ERP).<\/p>\t\t\t\t\t\t\t\t<\/div>\n\t\t\t\t<\/div>\n\t\t\t\t<div class=\"elementor-element elementor-element-690da48 elementor-widget elementor-widget-text-editor\" data-id=\"690da48\" data-element_type=\"widget\" data-e-type=\"widget\" data-widget_type=\"text-editor.default\">\n\t\t\t\t<div class=\"elementor-widget-container\">\n\t\t\t\t\t\t\t\t\t<p>Einige unserer IT-Solution\u00b4s sind:<\/p>\t\t\t\t\t\t\t\t<\/div>\n\t\t\t\t<\/div>\n\t\t<div class=\"elementor-element elementor-element-59c3d97c e-flex e-con-boxed e-con e-parent\" data-id=\"59c3d97c\" data-element_type=\"container\" data-e-type=\"container\">\n\t\t\t\t\t<div class=\"e-con-inner\">\n\t\t\t\t<div class=\"elementor-element elementor-element-4a8a4aef elementor-align-start elementor-widget-tablet__width-initial elementor-icon-list--layout-traditional elementor-list-item-link-full_width elementor-widget elementor-widget-icon-list\" data-id=\"4a8a4aef\" data-element_type=\"widget\" data-e-type=\"widget\" data-widget_type=\"icon-list.default\">\n\t\t\t\t<div class=\"elementor-widget-container\">\n\t\t\t\t\t\t\t<ul class=\"elementor-icon-list-items\">\n\t\t\t\t\t\t\t<li class=\"elementor-icon-list-item\">\n\t\t\t\t\t\t\t\t\t\t\t<a href=\"http:\/\/icce.com\/de\/bulk-terminal-management-systerm\/\" target=\"_blank\">\n\n\t\t\t\t\t\t\t\t\t\t\t\t<span class=\"elementor-icon-list-icon\">\n\t\t\t\t\t\t\t<svg aria-hidden=\"true\" class=\"e-font-icon-svg e-fas-square-full\" viewbox=\"0 0 512 512\" xmlns=\"http:\/\/www.w3.org\/2000\/svg\"><path d=\"M512 512H0V0h512v512z\"><\/path><\/svg>\t\t\t\t\t\t<\/span>\n\t\t\t\t\t\t\t\t\t\t<span class=\"elementor-icon-list-text\">Business Management System f\u00fcr Bulk Terminals <\/span>\n\t\t\t\t\t\t\t\t\t\t\t<\/a>\n\t\t\t\t\t\t\t\t\t<\/li>\n\t\t\t\t\t\t\t\t<li class=\"elementor-icon-list-item\">\n\t\t\t\t\t\t\t\t\t\t\t<a href=\"http:\/\/icce.com\/de\/bulk-terminal-traffic-control-system\/\" target=\"_blank\">\n\n\t\t\t\t\t\t\t\t\t\t\t\t<span class=\"elementor-icon-list-icon\">\n\t\t\t\t\t\t\t<svg aria-hidden=\"true\" class=\"e-font-icon-svg e-fas-square-full\" viewbox=\"0 0 512 512\" xmlns=\"http:\/\/www.w3.org\/2000\/svg\"><path d=\"M512 512H0V0h512v512z\"><\/path><\/svg>\t\t\t\t\t\t<\/span>\n\t\t\t\t\t\t\t\t\t\t<span class=\"elementor-icon-list-text\">Verkehrsleitsystem f\u00fcr Bulk Terminale <\/span>\n\t\t\t\t\t\t\t\t\t\t\t<\/a>\n\t\t\t\t\t\t\t\t\t<\/li>\n\t\t\t\t\t\t<\/ul>\n\t\t\t\t\t\t<\/div>\n\t\t\t\t<\/div>\n\t\t\t\t<div class=\"elementor-element elementor-element-65986a6e elementor-align-start elementor-tablet-align-start elementor-widget-tablet__width-initial elementor-icon-list--layout-traditional elementor-list-item-link-full_width elementor-widget elementor-widget-icon-list\" data-id=\"65986a6e\" data-element_type=\"widget\" data-e-type=\"widget\" id=\"my-id\" data-widget_type=\"icon-list.default\">\n\t\t\t\t<div class=\"elementor-widget-container\">\n\t\t\t\t\t\t\t<ul class=\"elementor-icon-list-items\">\n\t\t\t\t\t\t\t<li class=\"elementor-icon-list-item\">\n\t\t\t\t\t\t\t\t\t\t\t<a href=\"http:\/\/icce.com\/de\/web-access-control\/\" target=\"_blank\">\n\n\t\t\t\t\t\t\t\t\t\t\t\t<span class=\"elementor-icon-list-icon\">\n\t\t\t\t\t\t\t<svg aria-hidden=\"true\" class=\"e-font-icon-svg e-fas-square-full\" viewbox=\"0 0 512 512\" xmlns=\"http:\/\/www.w3.org\/2000\/svg\"><path d=\"M512 512H0V0h512v512z\"><\/path><\/svg>\t\t\t\t\t\t<\/span>\n\t\t\t\t\t\t\t\t\t\t<span class=\"elementor-icon-list-text\">IoT f\u00fcr verteilte Systeme, wie z. B. Wasserverteilung <\/span>\n\t\t\t\t\t\t\t\t\t\t\t<\/a>\n\t\t\t\t\t\t\t\t\t<\/li>\n\t\t\t\t\t\t\t\t<li class=\"elementor-icon-list-item\">\n\t\t\t\t\t\t\t\t\t\t\t<span class=\"elementor-icon-list-icon\">\n\t\t\t\t\t\t\t<svg aria-hidden=\"true\" class=\"e-font-icon-svg e-fas-square-full\" viewbox=\"0 0 512 512\" xmlns=\"http:\/\/www.w3.org\/2000\/svg\"><path d=\"M512 512H0V0h512v512z\"><\/path><\/svg>\t\t\t\t\t\t<\/span>\n\t\t\t\t\t\t\t\t\t\t<span class=\"elementor-icon-list-text\">Prozess\u00fcberwachung und Steuerung von der Wasserindustrie  <\/span>\n\t\t\t\t\t\t\t\t\t<\/li>\n\t\t\t\t\t\t<\/ul>\n\t\t\t\t\t\t<\/div>\n\t\t\t\t<\/div>\n\t\t\t\t\t<\/div>\n\t\t\t\t<\/div>\n\t\t\t\t\t<\/div>\n\t\t<\/div>\n\t\t\t\t\t<\/div>\n\t\t<\/section>\n\t\t<div class=\"elementor-element elementor-element-8c85524 e-flex e-con-boxed e-con e-parent\" data-id=\"8c85524\" data-element_type=\"container\" data-e-type=\"container\">\n\t\t\t\t\t<div class=\"e-con-inner\">\n\t\t\t\t<div class=\"elementor-element elementor-element-25a4444 elementor-widget elementor-widget-heading\" data-id=\"25a4444\" data-element_type=\"widget\" data-e-type=\"widget\" data-widget_type=\"heading.default\">\n\t\t\t\t<div class=\"elementor-widget-container\">\n\t\t\t\t\t<h2 class=\"elementor-heading-title elementor-size-default\">Lassen Sie uns \u00fcber L\u00f6sungen sprechen.<\/h2>\t\t\t\t<\/div>\n\t\t\t\t<\/div>\n\t\t\t\t<div class=\"elementor-element elementor-element-afcd7d5 elementor-widget elementor-widget-button\" data-id=\"afcd7d5\" data-element_type=\"widget\" data-e-type=\"widget\" data-widget_type=\"button.default\">\n\t\t\t\t<div class=\"elementor-widget-container\">\n\t\t\t\t\t\t\t\t\t<div class=\"elementor-button-wrapper\">\n\t\t\t\t\t<a class=\"elementor-button elementor-button-link elementor-size-sm\" href=\"#elementor-action%3Aaction%3Dpopup%3Aopen%26settings%3DeyJpZCI6IjExMTgxIiwidG9nZ2xlIjpmYWxzZX0%3D\">\n\t\t\t\t\t\t<span class=\"elementor-button-content-wrapper\">\n\t\t\t\t\t\t\t\t\t<span class=\"elementor-button-text\">KONTAKT<\/span>\n\t\t\t\t\t<\/span>\n\t\t\t\t\t<\/a>\n\t\t\t\t<\/div>\n\t\t\t\t\t\t\t\t<\/div>\n\t\t\t\t<\/div>\n\t\t\t\t\t<\/div>\n\t\t\t\t<\/div>\n\t\t\t\t<\/div>","protected":false},"excerpt":{"rendered":"<p>Icce &gt;&gt; IT solutions IT SOLUTIONS Nowadays, data analysis has become a key to optimal business performance. We offer our partners customized IT solutions and applications for data exchange between industrial processes and business sectors (e.g. ERP). Some of our IT solutions are: Business Management System for Bulk terminals Traffic Control System for Bulk terminals [&hellip;]<\/p>\n","protected":false},"author":7,"featured_media":0,"parent":0,"menu_order":0,"comment_status":"closed","ping_status":"closed","template":"","meta":{"footnotes":""},"class_list":["post-5311","page","type-page","status-publish","hentry"],"blocksy_meta":{"styles_descriptor":{"styles":{"desktop":"","tablet":"","mobile":""},"google_fonts":[],"version":6}},"yoast_head":"<!-- This site is optimized with the Yoast SEO plugin v27.4 - https:\/\/yoast.com\/product\/yoast-seo-wordpress\/ -->\n<title>IT Solutions - ICCE<\/title>\n<meta name=\"robots\" content=\"index, follow, max-snippet:-1, max-image-preview:large, max-video-preview:-1\" \/>\n<link rel=\"canonical\" href=\"https:\/\/icce.com\/de\/it-solutions\/\" \/>\n<meta property=\"og:locale\" content=\"de_DE\" \/>\n<meta property=\"og:type\" content=\"article\" \/>\n<meta property=\"og:title\" content=\"IT Solutions - ICCE\" \/>\n<meta property=\"og:description\" content=\"Icce &gt;&gt; IT solutions IT SOLUTIONS Nowadays, data analysis has become a key to optimal business performance. We offer our partners customized IT solutions and applications for data exchange between industrial processes and business sectors (e.g. ERP). Some of our IT solutions are: Business Management System for Bulk terminals Traffic Control System for Bulk terminals [&hellip;]\" \/>\n<meta property=\"og:url\" content=\"https:\/\/icce.com\/de\/it-solutions\/\" \/>\n<meta property=\"og:site_name\" content=\"ICCE\" \/>\n<meta property=\"article:modified_time\" content=\"2024-12-04T08:31:57+00:00\" \/>\n<meta property=\"og:image\" content=\"https:\/\/icce.com\/wp-content\/uploads\/2024\/09\/Blue-Dark-Keyboard-Search-Bar-Desktop-Wallpaper-13.png\" \/>\n\t<meta property=\"og:image:width\" content=\"1920\" \/>\n\t<meta property=\"og:image:height\" content=\"1080\" \/>\n\t<meta property=\"og:image:type\" content=\"image\/png\" \/>\n<meta name=\"twitter:card\" content=\"summary_large_image\" \/>\n<meta name=\"twitter:label1\" content=\"Gesch\u00e4tzte Lesezeit\" \/>\n\t<meta name=\"twitter:data1\" content=\"1\u00a0Minute\" \/>\n<script type=\"application\/ld+json\" class=\"yoast-schema-graph\">{\"@context\":\"https:\\\/\\\/schema.org\",\"@graph\":[{\"@type\":\"WebPage\",\"@id\":\"https:\\\/\\\/icce.com\\\/it-solutions\\\/\",\"url\":\"https:\\\/\\\/icce.com\\\/it-solutions\\\/\",\"name\":\"IT Solutions - ICCE\",\"isPartOf\":{\"@id\":\"https:\\\/\\\/icce.com\\\/#website\"},\"datePublished\":\"2023-02-13T11:38:13+00:00\",\"dateModified\":\"2024-12-04T08:31:57+00:00\",\"breadcrumb\":{\"@id\":\"https:\\\/\\\/icce.com\\\/it-solutions\\\/#breadcrumb\"},\"inLanguage\":\"de\",\"potentialAction\":[{\"@type\":\"ReadAction\",\"target\":[\"https:\\\/\\\/icce.com\\\/it-solutions\\\/\"]}]},{\"@type\":\"BreadcrumbList\",\"@id\":\"https:\\\/\\\/icce.com\\\/it-solutions\\\/#breadcrumb\",\"itemListElement\":[{\"@type\":\"ListItem\",\"position\":1,\"name\":\"Home\",\"item\":\"https:\\\/\\\/icce.com\\\/\"},{\"@type\":\"ListItem\",\"position\":2,\"name\":\"IT Solutions\"}]},{\"@type\":\"WebSite\",\"@id\":\"https:\\\/\\\/icce.com\\\/#website\",\"url\":\"https:\\\/\\\/icce.com\\\/\",\"name\":\"ICCE\",\"description\":\"DRIVEN BY EXPERIENCE. INSPIRED TO EXCEL.\",\"publisher\":{\"@id\":\"https:\\\/\\\/icce.com\\\/#organization\"},\"potentialAction\":[{\"@type\":\"SearchAction\",\"target\":{\"@type\":\"EntryPoint\",\"urlTemplate\":\"https:\\\/\\\/icce.com\\\/?s={search_term_string}\"},\"query-input\":{\"@type\":\"PropertyValueSpecification\",\"valueRequired\":true,\"valueName\":\"search_term_string\"}}],\"inLanguage\":\"de\"},{\"@type\":\"Organization\",\"@id\":\"https:\\\/\\\/icce.com\\\/#organization\",\"name\":\"ICCE - Industrial Computer Control Engineering\",\"url\":\"https:\\\/\\\/icce.com\\\/\",\"logo\":{\"@type\":\"ImageObject\",\"inLanguage\":\"de\",\"@id\":\"https:\\\/\\\/icce.com\\\/#\\\/schema\\\/logo\\\/image\\\/\",\"url\":\"https:\\\/\\\/icce.com\\\/wp-content\\\/uploads\\\/2023\\\/03\\\/cropped-logo_favicon.png\",\"contentUrl\":\"https:\\\/\\\/icce.com\\\/wp-content\\\/uploads\\\/2023\\\/03\\\/cropped-logo_favicon.png\",\"width\":512,\"height\":512,\"caption\":\"ICCE - Industrial Computer Control Engineering\"},\"image\":{\"@id\":\"https:\\\/\\\/icce.com\\\/#\\\/schema\\\/logo\\\/image\\\/\"},\"sameAs\":[\"https:\\\/\\\/www.linkedin.com\\\/company\\\/icce-d-o-o-\"]}]}<\/script>\n<!-- \/ Yoast SEO plugin. -->","yoast_head_json":{"title":"IT Solutions - ICCE","robots":{"index":"index","follow":"follow","max-snippet":"max-snippet:-1","max-image-preview":"max-image-preview:large","max-video-preview":"max-video-preview:-1"},"canonical":"https:\/\/icce.com\/de\/it-solutions\/","og_locale":"de_DE","og_type":"article","og_title":"IT Solutions - ICCE","og_description":"Icce &gt;&gt; IT solutions IT SOLUTIONS Nowadays, data analysis has become a key to optimal business performance. We offer our partners customized IT solutions and applications for data exchange between industrial processes and business sectors (e.g. ERP). Some of our IT solutions are: Business Management System for Bulk terminals Traffic Control System for Bulk terminals [&hellip;]","og_url":"https:\/\/icce.com\/de\/it-solutions\/","og_site_name":"ICCE","article_modified_time":"2024-12-04T08:31:57+00:00","og_image":[{"width":1920,"height":1080,"url":"https:\/\/icce.com\/wp-content\/uploads\/2024\/09\/Blue-Dark-Keyboard-Search-Bar-Desktop-Wallpaper-13.png","type":"image\/png"}],"twitter_card":"summary_large_image","twitter_misc":{"Gesch\u00e4tzte Lesezeit":"1\u00a0Minute"},"schema":{"@context":"https:\/\/schema.org","@graph":[{"@type":"WebPage","@id":"https:\/\/icce.com\/it-solutions\/","url":"https:\/\/icce.com\/it-solutions\/","name":"IT Solutions - ICCE","isPartOf":{"@id":"https:\/\/icce.com\/#website"},"datePublished":"2023-02-13T11:38:13+00:00","dateModified":"2024-12-04T08:31:57+00:00","breadcrumb":{"@id":"https:\/\/icce.com\/it-solutions\/#breadcrumb"},"inLanguage":"de","potentialAction":[{"@type":"ReadAction","target":["https:\/\/icce.com\/it-solutions\/"]}]},{"@type":"BreadcrumbList","@id":"https:\/\/icce.com\/it-solutions\/#breadcrumb","itemListElement":[{"@type":"ListItem","position":1,"name":"Home","item":"https:\/\/icce.com\/"},{"@type":"ListItem","position":2,"name":"IT Solutions"}]},{"@type":"WebSite","@id":"https:\/\/icce.com\/#website","url":"https:\/\/icce.com\/","name":"ICCE","description":"DRIVEN BY EXPERIENCE. INSPIRED TO EXCEL.","publisher":{"@id":"https:\/\/icce.com\/#organization"},"potentialAction":[{"@type":"SearchAction","target":{"@type":"EntryPoint","urlTemplate":"https:\/\/icce.com\/?s={search_term_string}"},"query-input":{"@type":"PropertyValueSpecification","valueRequired":true,"valueName":"search_term_string"}}],"inLanguage":"de"},{"@type":"Organization","@id":"https:\/\/icce.com\/#organization","name":"ICCE - Industrial Computer Control Engineering","url":"https:\/\/icce.com\/","logo":{"@type":"ImageObject","inLanguage":"de","@id":"https:\/\/icce.com\/#\/schema\/logo\/image\/","url":"https:\/\/icce.com\/wp-content\/uploads\/2023\/03\/cropped-logo_favicon.png","contentUrl":"https:\/\/icce.com\/wp-content\/uploads\/2023\/03\/cropped-logo_favicon.png","width":512,"height":512,"caption":"ICCE - Industrial Computer Control Engineering"},"image":{"@id":"https:\/\/icce.com\/#\/schema\/logo\/image\/"},"sameAs":["https:\/\/www.linkedin.com\/company\/icce-d-o-o-"]}]}},"_links":{"self":[{"href":"https:\/\/icce.com\/de\/wp-json\/wp\/v2\/pages\/5311","targetHints":{"allow":["GET"]}}],"collection":[{"href":"https:\/\/icce.com\/de\/wp-json\/wp\/v2\/pages"}],"about":[{"href":"https:\/\/icce.com\/de\/wp-json\/wp\/v2\/types\/page"}],"author":[{"embeddable":true,"href":"https:\/\/icce.com\/de\/wp-json\/wp\/v2\/users\/7"}],"replies":[{"embeddable":true,"href":"https:\/\/icce.com\/de\/wp-json\/wp\/v2\/comments?post=5311"}],"version-history":[{"count":255,"href":"https:\/\/icce.com\/de\/wp-json\/wp\/v2\/pages\/5311\/revisions"}],"predecessor-version":[{"id":18177,"href":"https:\/\/icce.com\/de\/wp-json\/wp\/v2\/pages\/5311\/revisions\/18177"}],"wp:attachment":[{"href":"https:\/\/icce.com\/de\/wp-json\/wp\/v2\/media?parent=5311"}],"curies":[{"name":"wp","href":"https:\/\/api.w.org\/{rel}","templated":true}]}}